{"id":379,"date":"2021-09-17T04:39:21","date_gmt":"2021-09-17T04:39:21","guid":{"rendered":"https:\/\/montrealgoldstock.com\/home\/"},"modified":"2021-10-05T02:44:31","modified_gmt":"2021-10-05T02:44:31","slug":"accueil","status":"publish","type":"page","link":"https:\/\/montrealgoldstock.com\/fr\/","title":{"rendered":"Accueil"},"content":{"rendered":"<p>[vc_section content_placement=\u00a0\u00bbmiddle\u00a0\u00bb background_attachment=\u00a0\u00bbscroll\u00a0\u00bb el_name=\u00a0\u00bbClients Section \/ Padding top 120px\u00a0\u00bb][vc_row full_width=\u00a0\u00bb\u00a0\u00bb equal_height=\u00a0\u00bbyes\u00a0\u00bb content_placement=\u00a0\u00bbmiddle\u00a0\u00bb hide_bg_mobile=\u00a0\u00bbtrue\u00a0\u00bb css=\u00a0\u00bb.vc_custom_1572430686306{background-position: 0 0 !important;background-repeat: no-repeat !important;}\u00a0\u00bb el_name=\u00a0\u00bbSection title has margin bottom 20px \/ Column right has animation and BG image\u00a0\u00bb][vc_column width=\u00a0\u00bb1\/2&Prime; delay=\u00a0\u00bbtrue\u00a0\u00bb effect=\u00a0\u00bbfadeIn\u00a0\u00bb delay_timer=\u00a0\u00bb0&Prime; animation_duration=\u00a0\u00bb2s\u00a0\u00bb css=\u00a0\u00bb.vc_custom_1631992434613{padding-top: 0px !important;padding-right: 0px !important;padding-left: 0px !important;}\u00a0\u00bb offset=\u00a0\u00bbvc_col-lg-6 vc_col-md-6 vc_col-sm-6 vc_col-xs-12&Prime;]<div class=\"wpb_content_element  vc_custom_1633268645413\"><style type=\"text\/css\">#ut_header_69f8856a068b2 h2.section-title { font-size:45px !important; }<\/style><header id=\"ut_header_69f8856a068b2\" class=\"section-header  ut-no-title-linebreak-mobile ut-no-lead-linebreak-mobile pt-style-2 header-left header-tablet-left header-mobile-center\"><h2 data-title=\"CONCESSIONNAIRE DE M\u00c9TAUX PR\u00c9CIEUX\" data-effect=\"fadeIn\" data-animateonce=\"yes\" data-delay=\"0\" data-responsive-font=\"section_title\" data-responsive-font-settings=\"{&quot;base-font-size&quot;:&quot;global&quot;,&quot;font-size&quot;:{&quot;desktop_large&quot;:&quot;45&quot;},&quot;base-line-height&quot;:&quot;global&quot;,&quot;base-letter-spacing&quot;:&quot;global&quot;}\" class=\"section-title ut-animate-element animated ut-no-animation-tablet ut-no-animation-mobile \"><span>CONCESSIONNAIRE DE M\u00c9TAUX PR\u00c9CIEUX<\/span><\/h2><div data-effect=\"fadeIn\" data-animateonce=\"yes\" data-delay=\"0\" class=\"lead ut-animate-element animated ut-no-animation-tablet ut-no-animation-mobile\"><p>L&rsquo;or a longtemps \u00e9t\u00e9 consid\u00e9r\u00e9 comme l&rsquo;investissement ultime. Des anciens pharaons aux grands \u00e9conomistes mondiaux d&rsquo;aujourd&rsquo;hui, c&rsquo;est votre investissement s\u00fbr. Montreal Gold Stock offre \u00e0 ses clients un certain nombre d&rsquo;options. N&rsquo;importe quel m\u00e9tal pr\u00e9cieux, de n&rsquo;importe quelle taille, au prix le plus bas. <\/p>\n<\/div><\/header><\/div>[vc_empty_space height=\u00a0\u00bb20px\u00a0\u00bb]<style type=\"text\/css\">#bklyn_btn_69f8856a3adda .bklyn-btn { color:#e5c954 !important; border-color:#e5c954 !important; border-width:2px !important; background-color:transparent !important; }#bklyn_btn_69f8856a3adda .bklyn-btn:hover{ color:#493b00 !important; border-color:#e5c954 !important; background-color:#e5c954 !important; }#bklyn_btn_69f8856a3adda .bklyn-btn:focus{ color:#493b00 !important; border-color:#e5c954 !important; background-color:#e5c954 !important; }#bklyn_btn_69f8856a3adda .bklyn-btn:active { color:#493b00 !important; border-color:#e5c954 !important; background-color:#e5c954 !important; }#bklyn_btn_69f8856a3adda .bklyn-btn::after{ color:#493b00 !important; }#bklyn_btn_69f8856a3adda a.bklyn-btn { font-weight:700 !important; }#bklyn_btn_69f8856a3adda.bklyn-btn-header a.bklyn-btn { font-weight:700 !important; }#bklyn_btn_69f8856a3adda.bklyn-btn-header a.bklyn-btn span { font-weight:700 !important; }#bklyn_btn_69f8856a3adda a.bklyn-btn { font-family:inherit !important; }#bklyn_btn_69f8856a3adda.bklyn-btn-holder a { padding-top:12px;padding-right:24px;padding-bottom:12px;padding-left:24px }#bklyn_btn_69f8856a3adda a.bklyn-btn-effect-winona::after { padding-top:12px;padding-right:24px;padding-bottom:12px;padding-left:24px }<\/style><div id=\"bklyn_btn_69f8856a3adda\" class=\"bklyn-btn-holder  bklyn-btn-left bklyn-btn-tablet-left bklyn-btn-mobile-center\"><a title=\"Services\" data-text=\"EN SAVOIR PLUS\"  href=\"https:\/\/solorin.ca\/montrealgoldstock\/fr\/a-propos\/\" target=\"_self\" class=\"bklyn-btn bklyn-btn-with-effect bklyn-btn-effect-winona bklyn-btn-outline bklyn-btn-small\" ><span class=\"ut-btn-text\"><span>EN SAVOIR PLUS<\/span><\/span><\/a><\/div>[\/vc_column][vc_column width=\u00a0\u00bb1\/2&Prime; background_position=\u00a0\u00bbright center\u00a0\u00bb delay=\u00a0\u00bbtrue\u00a0\u00bb css=\u00a0\u00bb.vc_custom_1631992802878{padding-top: 0px !important;padding-right: 0px !important;padding-left: 0px !important;background-image: url(https:\/\/themeforest.unitedthemes.com\/wpversions\/brooklyn\/xml\/demo43-light\/wp-content\/uploads\/2019\/11\/ut-dot-dark.svg?id=8209) !important;background-position: center !important;background-repeat: no-repeat !important;background-size: contain !important;}\u00a0\u00bb effect=\u00a0\u00bbfadeIn\u00a0\u00bb animation_duration=\u00a0\u00bb2s\u00a0\u00bb delay_timer=\u00a0\u00bb0&Prime; offset=\u00a0\u00bbvc_col-lg-6 vc_col-md-6 vc_col-sm-6 vc_col-xs-12&Prime;]<div  class=\"wpb_content_element   clearfix\"><style type=\"text\/css\">#ut_am_69f8856a3b0f4 { opacity: 1; }#ut_am_wrap_69f8856a3b0f5 .ut-image-gallery-item-caption-title h3 { letter-spacing: 0em; }#ut_am_wrap_69f8856a3b0f5 .ut-gallery-slider-caption { font-weight: bold; }#ut_am_wrap_69f8856a3b0f5 { text-align: center; }@media (min-width: 768px) and (max-width: 1024px) { #ut_am_wrap_69f8856a3b0f5 { text-align: center !important; } }@media (max-width: 767px) { #ut_am_wrap_69f8856a3b0f5 { text-align: center !important; } }<\/style><div id=\"ut_am_wrap_69f8856a3b0f5\" class=\"ut-image-gallery-image  ut-reveal-fx ut-element-with-block-reveal\"><div id=\"ut_reveal_69f8856a3b0f6\" data-reveal-bgcolor=\"#e5c954\" data-reveal-direction=\"tb\" data-reveal-duration=\"750\" data-reveal-delay=\"250\" data-appear-top-offset=\"auto\" class=\"ut-animated-image-item ut-image-gallery-item ut-animation-done ut-reveal-fx-element ut-block-reveal-hide\"><a class=\"ut-deactivated-link\" href=\"#\"><div class=\"ut-animated-image-zoom\"><img loading=\"lazy\" decoding=\"async\" class=\"ut-lazy skip-lazy ut-animated-image \"  id=\"ut_am_69f8856a3b0f4\" src=\"data:image\/svg+xml;charset=utf-8,%3Csvg xmlns%3D'http%3A%2F%2Fwww.w3.org%2F2000%2Fsvg' viewBox%3D'0 0 1200 763'%2F%3E\" data-src=\"https:\/\/montrealgoldstock.com\/wp-content\/uploads\/2021\/09\/home2.jpg\" width=\"1200\" height=\"763\" alt=\"\"\/><\/div><\/a><\/div><\/div><\/div>[\/vc_column][\/vc_row][vc_row full_width=\u00a0\u00bb\u00a0\u00bb equal_height=\u00a0\u00bbyes\u00a0\u00bb content_placement=\u00a0\u00bbmiddle\u00a0\u00bb hide_bg_mobile=\u00a0\u00bbtrue\u00a0\u00bb css=\u00a0\u00bb.vc_custom_1572430686306{background-position: 0 0 !important;background-repeat: no-repeat !important;}\u00a0\u00bb el_name=\u00a0\u00bbSection title has margin bottom 20px \/ Column right has animation and BG image\u00a0\u00bb][vc_column width=\u00a0\u00bb1\/2&Prime; background_position=\u00a0\u00bbright center\u00a0\u00bb delay=\u00a0\u00bbtrue\u00a0\u00bb css=\u00a0\u00bb.vc_custom_1631993168483{padding-top: 0px !important;padding-left: 0px !important;background-image: url(https:\/\/themeforest.unitedthemes.com\/wpversions\/brooklyn\/xml\/demo43-light\/wp-content\/uploads\/2019\/11\/ut-dot-dark.svg?id=8209) !important;background-position: center !important;background-repeat: no-repeat !important;background-size: contain !important;}\u00a0\u00bb effect=\u00a0\u00bbfadeIn\u00a0\u00bb animation_duration=\u00a0\u00bb2s\u00a0\u00bb delay_timer=\u00a0\u00bb0&Prime; offset=\u00a0\u00bbvc_col-lg-6 vc_col-md-6 vc_col-sm-6 vc_col-xs-12&Prime;]<div  class=\"wpb_content_element   clearfix\"><style type=\"text\/css\">#ut_am_69f8856a3b337 { opacity: 1; }#ut_am_wrap_69f8856a3b338 .ut-image-gallery-item-caption-title h3 { letter-spacing: 0em; }#ut_am_wrap_69f8856a3b338 .ut-gallery-slider-caption { font-weight: bold; }#ut_am_wrap_69f8856a3b338 { text-align: center; }@media (min-width: 768px) and (max-width: 1024px) { #ut_am_wrap_69f8856a3b338 { text-align: center !important; } }@media (max-width: 767px) { #ut_am_wrap_69f8856a3b338 { text-align: center !important; } }<\/style><div id=\"ut_am_wrap_69f8856a3b338\" class=\"ut-image-gallery-image  ut-reveal-fx ut-element-with-block-reveal\"><div id=\"ut_reveal_69f8856a3b339\" data-reveal-bgcolor=\"#e5c954\" data-reveal-direction=\"tb\" data-reveal-duration=\"750\" data-reveal-delay=\"250\" data-appear-top-offset=\"auto\" class=\"ut-animated-image-item ut-image-gallery-item ut-animation-done ut-reveal-fx-element ut-block-reveal-hide\"><a class=\"ut-deactivated-link\" href=\"#\"><div class=\"ut-animated-image-zoom\"><img loading=\"lazy\" decoding=\"async\" class=\"ut-lazy skip-lazy ut-animated-image \"  id=\"ut_am_69f8856a3b337\" src=\"data:image\/svg+xml;charset=utf-8,%3Csvg xmlns%3D'http%3A%2F%2Fwww.w3.org%2F2000%2Fsvg' viewBox%3D'0 0 1200 763'%2F%3E\" data-src=\"https:\/\/montrealgoldstock.com\/wp-content\/uploads\/2021\/09\/home1-2.jpg\" width=\"1200\" height=\"763\" alt=\"\"\/><\/div><\/a><\/div><\/div><\/div>[\/vc_column][vc_column width=\u00a0\u00bb1\/2&Prime; delay=\u00a0\u00bbtrue\u00a0\u00bb effect=\u00a0\u00bbfadeIn\u00a0\u00bb delay_timer=\u00a0\u00bb0&Prime; animation_duration=\u00a0\u00bb2s\u00a0\u00bb css=\u00a0\u00bb.vc_custom_1631992434613{padding-top: 0px !important;padding-right: 0px !important;padding-left: 0px !important;}\u00a0\u00bb offset=\u00a0\u00bbvc_col-lg-6 vc_col-md-6 vc_col-sm-6 vc_col-xs-12&Prime;]<div class=\"wpb_content_element  vc_custom_1633268699262\"><style type=\"text\/css\">#ut_header_69f8856a3b81f h2.section-title { font-size:45px !important; }<\/style><header id=\"ut_header_69f8856a3b81f\" class=\"section-header  ut-no-title-linebreak-mobile ut-no-lead-linebreak-mobile pt-style-2 header-left header-tablet-left header-mobile-center\"><h2 data-title=\"SERVICES DE RAFFINAGE\" data-effect=\"fadeIn\" data-animateonce=\"yes\" data-delay=\"0\" data-responsive-font=\"section_title\" data-responsive-font-settings=\"{&quot;base-font-size&quot;:&quot;global&quot;,&quot;font-size&quot;:{&quot;desktop_large&quot;:&quot;45&quot;},&quot;base-line-height&quot;:&quot;global&quot;,&quot;base-letter-spacing&quot;:&quot;global&quot;}\" class=\"section-title ut-animate-element animated ut-no-animation-tablet ut-no-animation-mobile \"><span>SERVICES DE RAFFINAGE<\/span><\/h2><div data-effect=\"fadeIn\" data-animateonce=\"yes\" data-delay=\"0\" class=\"lead ut-animate-element animated ut-no-animation-tablet ut-no-animation-mobile\"><p>Nous raffinons tous les m\u00e9taux pr\u00e9cieux et vous offrons les meilleurs rendements pour vos d\u00e9chets d&rsquo;or, d&rsquo;argent, de platine et de palladium, vos bijoux, vos dents, vos mines, vos p\u00e9pites d&rsquo;or, vos poussi\u00e8res, etc. Nous proposons \u00e9galement des services de pool pour le stockage en toute s\u00e9curit\u00e9.<\/p>\n<\/div><\/header><\/div>[vc_empty_space height=\u00a0\u00bb20px\u00a0\u00bb]<style type=\"text\/css\">#bklyn_btn_69f8856a7468c .bklyn-btn { color:#e5c954 !important; border-color:#e5c954 !important; border-width:2px !important; background-color:transparent !important; }#bklyn_btn_69f8856a7468c .bklyn-btn:hover{ color:#493b00 !important; border-color:#e5c954 !important; background-color:#e5c954 !important; }#bklyn_btn_69f8856a7468c .bklyn-btn:focus{ color:#493b00 !important; border-color:#e5c954 !important; background-color:#e5c954 !important; }#bklyn_btn_69f8856a7468c .bklyn-btn:active { color:#493b00 !important; border-color:#e5c954 !important; background-color:#e5c954 !important; }#bklyn_btn_69f8856a7468c .bklyn-btn::after{ color:#493b00 !important; }#bklyn_btn_69f8856a7468c a.bklyn-btn { font-weight:700 !important; }#bklyn_btn_69f8856a7468c.bklyn-btn-header a.bklyn-btn { font-weight:700 !important; }#bklyn_btn_69f8856a7468c.bklyn-btn-header a.bklyn-btn span { font-weight:700 !important; }#bklyn_btn_69f8856a7468c a.bklyn-btn { font-family:inherit !important; }#bklyn_btn_69f8856a7468c.bklyn-btn-holder a { padding-top:12px;padding-right:24px;padding-bottom:12px;padding-left:24px }#bklyn_btn_69f8856a7468c a.bklyn-btn-effect-winona::after { padding-top:12px;padding-right:24px;padding-bottom:12px;padding-left:24px }<\/style><div id=\"bklyn_btn_69f8856a7468c\" class=\"bklyn-btn-holder  bklyn-btn-left bklyn-btn-tablet-left bklyn-btn-mobile-center\"><a title=\"Services\" data-text=\"EN SAVOIR PLUS\"  href=\"https:\/\/solorin.ca\/montrealgoldstock\/fr\/services\/\" target=\"_self\" class=\"bklyn-btn bklyn-btn-with-effect bklyn-btn-effect-winona bklyn-btn-outline bklyn-btn-small\" ><span class=\"ut-btn-text\"><span>EN SAVOIR PLUS<\/span><\/span><\/a><\/div>[\/vc_column][\/vc_row][vc_row][vc_column]<div class=\"wpb_content_element  vc_custom_1633401868263\"><style type=\"text\/css\">#ut_header_69f8856a74af5 h2.section-title { font-size:45px !important; }<\/style><header id=\"ut_header_69f8856a74af5\" class=\"section-header  ut-no-title-linebreak-mobile ut-no-lead-linebreak-mobile pt-style-2 header-left header-tablet-left header-mobile-center\"><h2 data-title=\"MARQUES VENDUES\" data-effect=\"fadeIn\" data-animateonce=\"yes\" data-delay=\"0\" data-responsive-font=\"section_title\" data-responsive-font-settings=\"{&quot;base-font-size&quot;:&quot;global&quot;,&quot;font-size&quot;:{&quot;desktop_large&quot;:&quot;45&quot;},&quot;base-line-height&quot;:&quot;global&quot;,&quot;base-letter-spacing&quot;:&quot;global&quot;}\" class=\"section-title ut-animate-element animated ut-no-animation-tablet ut-no-animation-mobile \"><span>MARQUES VENDUES<\/span><\/h2><\/header><\/div><div class=\"wpb_content_element ut-gallery-15  clearfix\"><style type=\"text\/css\">#ut_ig_69f8856aaba7d .ut-lazy:not(.ut-image-loaded) + .ut-video-module-loading { display:block; }#ut_ig_69f8856aaba7d .ut-lazy.ut-image-loaded + .ut-video-module-loading { display:none; }<\/style><div id=\"ut_ig_69f8856aaba7d\" class=\"ut-image-gallery ut-image-gallery-module  ut-image-gallery-15 clearfix\" data-settings=\"{&quot;animate&quot;:true,&quot;effect&quot;:&quot;&quot;,&quot;lazy&quot;:true,&quot;delay_animation&quot;:false,&quot;global_delay_animation&quot;:false,&quot;delay_timer&quot;:100,&quot;global_delay_timer&quot;:100}\" ><div  data-count=\"5\" class=\"ut-image-gallery-item ut-animation-done grid-20 tablet-grid-33 mobile-grid-100\"><a class=\"ut-deactivated-link \" href=\"#\"><div class=\"ut-image-gallery-image\" ><img loading=\"lazy\" decoding=\"async\"  class=\" ut-lazy skip-lazy\" src=\"data:image\/svg+xml;charset=utf-8,%3Csvg xmlns%3D'http%3A%2F%2Fwww.w3.org%2F2000%2Fsvg' viewBox%3D'0 0 300 120'%2F%3E\" data-src=\"https:\/\/montrealgoldstock.com\/wp-content\/uploads\/2021\/10\/logo4.jpg\" width=\"300\" height=\"120\"><\/div><\/a><\/div><div  data-count=\"5\" class=\"ut-image-gallery-item ut-animation-done ut-animation-done grid-20 tablet-grid-33 mobile-grid-100\"><a class=\"ut-deactivated-link \" href=\"#\"><div class=\"ut-image-gallery-image\" ><img loading=\"lazy\" decoding=\"async\"  class=\" ut-lazy skip-lazy\" src=\"data:image\/svg+xml;charset=utf-8,%3Csvg xmlns%3D'http%3A%2F%2Fwww.w3.org%2F2000%2Fsvg' viewBox%3D'0 0 300 120'%2F%3E\" data-src=\"https:\/\/montrealgoldstock.com\/wp-content\/uploads\/2021\/10\/logo1.jpg\" width=\"300\" height=\"120\"><\/div><\/a><\/div><div  data-count=\"5\" class=\"ut-image-gallery-item ut-animation-done ut-animation-done ut-animation-done grid-20 tablet-grid-33 mobile-grid-100 ut-tablet-last\"><a class=\"ut-deactivated-link \" href=\"#\"><div class=\"ut-image-gallery-image\" ><img loading=\"lazy\" decoding=\"async\"  class=\" ut-lazy skip-lazy\" src=\"data:image\/svg+xml;charset=utf-8,%3Csvg xmlns%3D'http%3A%2F%2Fwww.w3.org%2F2000%2Fsvg' viewBox%3D'0 0 300 120'%2F%3E\" data-src=\"https:\/\/montrealgoldstock.com\/wp-content\/uploads\/2021\/10\/logo5.jpg\" width=\"300\" height=\"120\"><\/div><\/a><\/div><div class=\"clear hide-on-desktop hide-on-tablet\"><\/div><div  data-count=\"5\" class=\"ut-image-gallery-item ut-animation-done ut-animation-done ut-animation-done ut-animation-done grid-20 tablet-grid-33 mobile-grid-100\"><a class=\"ut-deactivated-link \" href=\"#\"><div class=\"ut-image-gallery-image\" ><img loading=\"lazy\" decoding=\"async\"  class=\" ut-lazy skip-lazy\" src=\"data:image\/svg+xml;charset=utf-8,%3Csvg xmlns%3D'http%3A%2F%2Fwww.w3.org%2F2000%2Fsvg' viewBox%3D'0 0 300 120'%2F%3E\" data-src=\"https:\/\/montrealgoldstock.com\/wp-content\/uploads\/2021\/10\/logo2.jpg\" width=\"300\" height=\"120\"><\/div><\/a><\/div><div  data-count=\"5\" class=\"ut-image-gallery-item ut-animation-done ut-animation-done ut-animation-done ut-animation-done ut-animation-done grid-20 tablet-grid-33 mobile-grid-100\"><a class=\"ut-deactivated-link \" href=\"#\"><div class=\"ut-image-gallery-image\" ><img loading=\"lazy\" decoding=\"async\"  class=\" ut-lazy skip-lazy\" src=\"data:image\/svg+xml;charset=utf-8,%3Csvg xmlns%3D'http%3A%2F%2Fwww.w3.org%2F2000%2Fsvg' viewBox%3D'0 0 300 120'%2F%3E\" data-src=\"https:\/\/montrealgoldstock.com\/wp-content\/uploads\/2021\/10\/logo3.jpg\" width=\"300\" height=\"120\"><\/div><\/a><\/div><div class=\"ut-image-gallery-sizer\"><\/div><div class=\"clear\"><\/div><\/div><\/div>[\/vc_column][\/vc_row][\/vc_section][vc_section content_placement=\u00a0\u00bbmiddle\u00a0\u00bb bklyn_overlay=\u00a0\u00bbtrue\u00a0\u00bb parallax=\u00a0\u00bbcontent-zoom\u00a0\u00bb section_separator_top_height=\u00a0\u00bb100&Prime; css=\u00a0\u00bb.vc_custom_1631993519974{background-image: url(https:\/\/montrealgoldstock.com\/wp-content\/uploads\/2021\/09\/footercontact-1.jpg?id=128) !important;background-position: center !important;background-repeat: no-repeat !important;background-size: cover !important;}\u00a0\u00bb bklyn_overlay_color=\u00a0\u00bbrgba(19, 22, 27, 0.33)\u00a0\u00bb][vc_row full_width=\u00a0\u00bbstretch_row_content\u00a0\u00bb][vc_column]<style type=\"text\/css\">#ut_custom_heading69f8856aacb82 { color:#ffffff; }#ut_custom_heading69f8856aacb82 { font-size:40px !important;line-height:50px !important; }#ut_custom_heading69f8856aacb82 { text-align:center; }@media (min-width: 768px) and (max-width: 1024px) { #ut_custom_heading69f8856aacb82 { text-align:center; } }@media (max-width: 767px) { #ut_custom_heading69f8856aacb82 { text-align:center; } }<\/style><h2 id=\"ut_custom_heading69f8856aacb82\" data-responsive-font=\"h2\" data-responsive-font-settings=\"{&quot;base-font-size&quot;:&quot;40&quot;,&quot;font-size-unit&quot;:&quot;px&quot;,&quot;font-size&quot;:{&quot;desktop_large&quot;:&quot;40&quot;},&quot;base-line-height&quot;:&quot;50&quot;,&quot;line-height-unit&quot;:&quot;px&quot;,&quot;line-height&quot;:{&quot;desktop_large&quot;:&quot;50&quot;},&quot;base-letter-spacing&quot;:&quot;global&quot;}\" class=\"ut-custom-heading-module   vc_custom_1633268854972\" data-appear-effect=\"effect-1\" data-appear-top-offset=\"full\"><span class=\"\" >APPELEZ AUJOURD&rsquo;HUI POUR VOTRE DEVIS<\/span><\/h2><style type=\"text\/css\">#ut_custom_heading69f8856ac417d { color:#ffffff; }#ut_custom_heading69f8856ac417d { font-size:18px !important; }#ut_custom_heading69f8856ac417d { text-align:center; }@media (min-width: 768px) and (max-width: 1024px) { #ut_custom_heading69f8856ac417d { text-align:center; } }@media (max-width: 767px) { #ut_custom_heading69f8856ac417d { text-align:center; } }<\/style><h4 id=\"ut_custom_heading69f8856ac417d\" data-responsive-font=\"h4\" data-responsive-font-settings=\"{&quot;base-font-size&quot;:&quot;global&quot;,&quot;font-size&quot;:{&quot;desktop_large&quot;:&quot;18&quot;},&quot;base-line-height&quot;:&quot;global&quot;,&quot;base-letter-spacing&quot;:&quot;global&quot;}\" class=\"ut-custom-heading-module   vc_custom_1633268912768\" data-appear-effect=\"effect-7\" data-appear-top-offset=\"full\"><span class=\"\" >Qu&rsquo;il s&rsquo;agisse d&rsquo;une commande en gros ou d&rsquo;un petit investissement, nous sommes plus qu&rsquo;heureux de satisfaire toute demande, en toute s\u00e9curit\u00e9. Montreal Gold Stock, depuis des si\u00e8cles, pour votre avenir.<\/span><\/h4><div class=\"ut-btn-group  ut-btn-group-center ut-btn-group-tablet-center ut-btn-group-mobile-center clearfix\"><style type=\"text\/css\">#bklyn_btn_69f8856b04e90 .bklyn-btn { color:#493b00 !important; border-color:#e5c954 !important; border-width:2px !important; background-color:#e5c954 !important; }#bklyn_btn_69f8856b04e90 .bklyn-btn:hover{ color:#e5c954 !important; border-color:#e5c954 !important; background-color:transparent !important; background-image:none !important; }#bklyn_btn_69f8856b04e90 .bklyn-btn:focus{ color:#e5c954 !important; border-color:#e5c954 !important; background-color:transparent !important; background-image:none !important; }#bklyn_btn_69f8856b04e90 .bklyn-btn:active { color:#e5c954 !important; border-color:#e5c954 !important; background-color:transparent !important; background-image:none !important; }#bklyn_btn_69f8856b04e90 .bklyn-btn::after{ color:#e5c954 !important; }#bklyn_btn_69f8856b04e90 a.bklyn-btn { font-weight:700 !important; }#bklyn_btn_69f8856b04e90.bklyn-btn-header a.bklyn-btn { font-weight:700 !important; }#bklyn_btn_69f8856b04e90.bklyn-btn-header a.bklyn-btn span { font-weight:700 !important; }#bklyn_btn_69f8856b04e90 a.bklyn-btn { font-family:inherit !important; }#bklyn_btn_69f8856b04e90.bklyn-btn-holder a { padding-top:12px;padding-right:24px;padding-bottom:12px;padding-left:24px }#bklyn_btn_69f8856b04e90 a.bklyn-btn-effect-winona::after { padding-top:12px;padding-right:24px;padding-bottom:12px;padding-left:24px }<\/style><div id=\"bklyn_btn_69f8856b04e90\" class=\"bklyn-btn-holder  bklyn-btn-first bklyn-btn-center bklyn-btn-tablet-center bklyn-btn-mobile-center\"><a title=\"\" data-text=\"514 393-GOLD (4653)\"  href=\"tel:5143934653\" target=\"_self\" class=\"bklyn-btn bklyn-btn-with-effect bklyn-btn-effect-winona bklyn-btn-shadow bklyn-btn-outline bklyn-btn-normal\" ><span class=\"ut-btn-text\"><span>514 393-GOLD (4653)<\/span><\/span><\/a><\/div><style type=\"text\/css\">#bklyn_btn_69f8856b04fa9 .bklyn-btn { color:#e5c954 !important; border-color:#e5c954 !important; border-width:2px !important; background-color:transparent !important; }#bklyn_btn_69f8856b04fa9 .bklyn-btn:hover{ color:#493b00 !important; border-color:#e5c954 !important; background-color:#e5c954 !important; }#bklyn_btn_69f8856b04fa9 .bklyn-btn:focus{ color:#493b00 !important; border-color:#e5c954 !important; background-color:#e5c954 !important; }#bklyn_btn_69f8856b04fa9 .bklyn-btn:active { color:#493b00 !important; border-color:#e5c954 !important; background-color:#e5c954 !important; }#bklyn_btn_69f8856b04fa9 .bklyn-btn::after{ color:#493b00 !important; }#bklyn_btn_69f8856b04fa9 a.bklyn-btn { font-weight:700 !important; }#bklyn_btn_69f8856b04fa9.bklyn-btn-header a.bklyn-btn { font-weight:700 !important; }#bklyn_btn_69f8856b04fa9.bklyn-btn-header a.bklyn-btn span { font-weight:700 !important; }#bklyn_btn_69f8856b04fa9 a.bklyn-btn { font-family:inherit !important; }#bklyn_btn_69f8856b04fa9.bklyn-btn-holder a { padding-top:12px;padding-right:24px;padding-bottom:12px;padding-left:24px }#bklyn_btn_69f8856b04fa9 a.bklyn-btn-effect-winona::after { padding-top:12px;padding-right:24px;padding-bottom:12px;padding-left:24px }<\/style><div id=\"bklyn_btn_69f8856b04fa9\" class=\"bklyn-btn-holder  bklyn-btn-last bklyn-btn-center bklyn-btn-tablet-center bklyn-btn-mobile-center\"><a title=\"Contact\" data-text=\"NOUS JOINDRE\"  href=\"https:\/\/solorin.ca\/montrealgoldstock\/fr\/contact\/\" target=\"_self\" class=\"bklyn-btn bklyn-btn-with-effect bklyn-btn-effect-winona bklyn-btn-shadow bklyn-btn-outline bklyn-btn-normal\" ><span class=\"ut-btn-text\"><span>NOUS JOINDRE<\/span><\/span><\/a><\/div><\/div>[\/vc_column][\/vc_row][\/vc_section]<\/p>\n","protected":false},"excerpt":{"rendered":"<p>[vc_section content_placement=\u00a0\u00bbmiddle\u00a0\u00bb background_attachment=\u00a0\u00bbscroll\u00a0\u00bb el_name=\u00a0\u00bbClients Section \/ Padding top 120px\u00a0\u00bb][vc_row full_width=\u00a0\u00bb\u00a0\u00bb equal_height=\u00a0\u00bbyes\u00a0\u00bb content_placement=\u00a0\u00bbmiddle\u00a0\u00bb hide_bg_mobile=\u00a0\u00bbtrue\u00a0\u00bb css=\u00a0\u00bb.vc_custom_1572430686306{background-position: 0 0 !important;background-repeat: no-repeat !important;}\u00a0\u00bb el_name=\u00a0\u00bbSection title has margin bottom 20px \/ Column right has animation and BG image\u00a0\u00bb][vc_column width=\u00a0\u00bb1\/2&Prime; delay=\u00a0\u00bbtrue\u00a0\u00bb effect=\u00a0\u00bbfadeIn\u00a0\u00bb delay_timer=\u00a0\u00bb0&Prime; animation_duration=\u00a0\u00bb2s\u00a0\u00bb css=\u00a0\u00bb.vc_custom_1631992434613{padding-top: 0px !important;padding-right: 0px !important;padding-left: 0px !important;}\u00a0\u00bb offset=\u00a0\u00bbvc_col-lg-6 vc_col-md-6 vc_col-sm-6 vc_col-xs-12&Prime;][vc_empty_space height=\u00a0\u00bb20px\u00a0\u00bb][\/vc_column][vc_column width=\u00a0\u00bb1\/2&Prime; background_position=\u00a0\u00bbright center\u00a0\u00bb delay=\u00a0\u00bbtrue\u00a0\u00bb css=\u00a0\u00bb.vc_custom_1631992802878{padding-top: [&hellip;]<\/p>\n","protected":false},"author":1,"featured_media":0,"parent":0,"menu_order":0,"comment_status":"closed","ping_status":"closed","template":"","meta":{"footnotes":""},"class_list":["post-379","page","type-page","status-publish","hentry"],"_links":{"self":[{"href":"https:\/\/montrealgoldstock.com\/fr\/wp-json\/wp\/v2\/pages\/379","targetHints":{"allow":["GET"]}}],"collection":[{"href":"https:\/\/montrealgoldstock.com\/fr\/wp-json\/wp\/v2\/pages"}],"about":[{"href":"https:\/\/montrealgoldstock.com\/fr\/wp-json\/wp\/v2\/types\/page"}],"author":[{"embeddable":true,"href":"https:\/\/montrealgoldstock.com\/fr\/wp-json\/wp\/v2\/users\/1"}],"replies":[{"embeddable":true,"href":"https:\/\/montrealgoldstock.com\/fr\/wp-json\/wp\/v2\/comments?post=379"}],"version-history":[{"count":0,"href":"https:\/\/montrealgoldstock.com\/fr\/wp-json\/wp\/v2\/pages\/379\/revisions"}],"wp:attachment":[{"href":"https:\/\/montrealgoldstock.com\/fr\/wp-json\/wp\/v2\/media?parent=379"}],"curies":[{"name":"wp","href":"https:\/\/api.w.org\/{rel}","templated":true}]}}