{"id":377,"date":"2021-09-17T04:39:41","date_gmt":"2021-09-17T04:39:41","guid":{"rendered":"https:\/\/montrealgoldstock.com\/about\/"},"modified":"2021-10-05T00:50:39","modified_gmt":"2021-10-05T00:50:39","slug":"a-propos","status":"publish","type":"page","link":"https:\/\/montrealgoldstock.com\/fr\/a-propos\/","title":{"rendered":"\u00c0 propos"},"content":{"rendered":"<p>[vc_section content_placement=\u00a0\u00bbmiddle\u00a0\u00bb background_attachment=\u00a0\u00bbscroll\u00a0\u00bb el_name=\u00a0\u00bbClients Section \/ Padding top 120px\u00a0\u00bb][vc_row full_width=\u00a0\u00bb\u00a0\u00bb equal_height=\u00a0\u00bbyes\u00a0\u00bb content_placement=\u00a0\u00bbmiddle\u00a0\u00bb hide_bg_mobile=\u00a0\u00bbtrue\u00a0\u00bb css=\u00a0\u00bb.vc_custom_1572430686306{background-position: 0 0 !important;background-repeat: no-repeat !important;}\u00a0\u00bb el_name=\u00a0\u00bbSection title has margin bottom 20px \/ Column right has animation and BG image\u00a0\u00bb][vc_column width=\u00a0\u00bb1\/2&Prime; delay=\u00a0\u00bbtrue\u00a0\u00bb effect=\u00a0\u00bbfadeIn\u00a0\u00bb delay_timer=\u00a0\u00bb0&Prime; animation_duration=\u00a0\u00bb2s\u00a0\u00bb css=\u00a0\u00bb.vc_custom_1631992434613{padding-top: 0px !important;padding-right: 0px !important;padding-left: 0px !important;}\u00a0\u00bb offset=\u00a0\u00bbvc_col-lg-6 vc_col-md-6 vc_col-sm-6 vc_col-xs-12&Prime;]<div class=\"wpb_content_element  vc_custom_1633394895411\"><style type=\"text\/css\">#ut_header_6a04db672e24f h2.section-title { font-size:45px !important; }<\/style><header id=\"ut_header_6a04db672e24f\" class=\"section-header  ut-no-title-linebreak-mobile ut-no-lead-linebreak-mobile pt-style-2 header-left header-tablet-left header-mobile-center\"><h2 data-title=\"NOTRE ENTREPRISE\" data-effect=\"fadeInUp\" data-animateonce=\"yes\" data-delay=\"0\" data-responsive-font=\"section_title\" data-responsive-font-settings=\"{&quot;base-font-size&quot;:&quot;global&quot;,&quot;font-size&quot;:{&quot;desktop_large&quot;:&quot;45&quot;},&quot;base-line-height&quot;:&quot;global&quot;,&quot;base-letter-spacing&quot;:&quot;global&quot;}\" class=\"section-title ut-animate-element animated ut-no-animation-tablet ut-no-animation-mobile \"><span>NOTRE ENTREPRISE<\/span><\/h2><div data-effect=\"fadeInUp\" data-animateonce=\"yes\" data-delay=\"0\" class=\"lead ut-animate-element animated ut-no-animation-tablet ut-no-animation-mobile\"><p>Avec une histoire commen\u00e7ant en 1889, Montreal Gold Stock demeure un leader du march\u00e9 au Canada et dans le monde. Distribu\u00e9 \u00e0 des soci\u00e9t\u00e9s, \u00e0 diverses entreprises et \u00e0 des clients priv\u00e9s, Montreal Gold Stock offre une alternative d&rsquo;investissement abordable, s\u00fbre et s\u00e9curis\u00e9e face \u00e0 la volatilit\u00e9 des march\u00e9s de l&rsquo;or, des actions et des autres titres.<\/p>\n<p>L&rsquo;or a longtemps \u00e9t\u00e9 consid\u00e9r\u00e9 comme l&rsquo;investissement ultime, des anciens pharaons aux grands \u00e9conomistes mondiaux modernes, il est votre investissement s\u00fbr. Montreal Gold Stock traite en fait tous les m\u00e9taux pr\u00e9cieux. Nous offrons \u00e0 nos clients toutes les options d&rsquo;achat et de vente imaginables sur le march\u00e9 actuel. Qu&rsquo;il s&rsquo;agisse de platine, d&rsquo;or ou d&rsquo;argent, de lingots, de pi\u00e8ces, de bijoux ou m\u00eame de plombages, nous avons l&rsquo;intention de servir tous nos clients. Des grandes entreprises au consommateur moyen, nous traitons tout le monde comme de l&rsquo;or.<\/p>\n<\/div><\/header><\/div>[vc_empty_space height=\u00a0\u00bb20px\u00a0\u00bb][\/vc_column][vc_column width=\u00a0\u00bb1\/2&Prime; background_position=\u00a0\u00bbright center\u00a0\u00bb delay=\u00a0\u00bbtrue\u00a0\u00bb css=\u00a0\u00bb.vc_custom_1631999506025{padding-top: 0px !important;padding-right: 0px !important;padding-left: 0px !important;background-position: center !important;background-repeat: no-repeat !important;background-size: contain !important;}\u00a0\u00bb effect=\u00a0\u00bbfadeIn\u00a0\u00bb animation_duration=\u00a0\u00bb2s\u00a0\u00bb delay_timer=\u00a0\u00bb0&Prime; offset=\u00a0\u00bbvc_col-lg-6 vc_col-md-6 vc_col-sm-6 vc_col-xs-12&Prime;]<div  class=\"wpb_content_element   clearfix\"><style type=\"text\/css\">#ut_am_6a04db6764920 { opacity: 1; }#ut_am_wrap_6a04db6764922 .ut-image-gallery-item-caption-title h3 { letter-spacing: 0em; }#ut_am_wrap_6a04db6764922 .ut-gallery-slider-caption { font-weight: bold; }#ut_am_wrap_6a04db6764922 { text-align: center; }@media (min-width: 768px) and (max-width: 1024px) { #ut_am_wrap_6a04db6764922 { text-align: center !important; } }@media (max-width: 767px) { #ut_am_wrap_6a04db6764922 { text-align: center !important; } }<\/style><div id=\"ut_am_wrap_6a04db6764922\" class=\"ut-image-gallery-image  ut-reveal-fx ut-element-with-block-reveal\"><div id=\"ut_reveal_6a04db6764923\" data-reveal-bgcolor=\"#e5c954\" data-reveal-direction=\"tb\" data-reveal-duration=\"750\" data-reveal-delay=\"250\" data-appear-top-offset=\"auto\" class=\"ut-animated-image-item ut-image-gallery-item ut-animation-done ut-reveal-fx-element ut-block-reveal-hide\"><a class=\"ut-deactivated-link\" href=\"#\"><div class=\"ut-animated-image-zoom\"><img loading=\"lazy\" decoding=\"async\" class=\"ut-lazy skip-lazy ut-animated-image \"  id=\"ut_am_6a04db6764920\" src=\"data:image\/svg+xml;charset=utf-8,%3Csvg xmlns%3D'http%3A%2F%2Fwww.w3.org%2F2000%2Fsvg' viewBox%3D'0 0 1300 1676'%2F%3E\" data-src=\"https:\/\/montrealgoldstock.com\/wp-content\/uploads\/2021\/09\/about3.jpg\" width=\"1300\" height=\"1676\" alt=\"\"\/><\/div><\/a><\/div><\/div><\/div>[\/vc_column][\/vc_row][\/vc_section][vc_section parallax=\u00a0\u00bbcontent-moving\u00a0\u00bb background_position=\u00a0\u00bbcenter center\u00a0\u00bb bklyn_section_anchor=\u00a0\u00bbtrue\u00a0\u00bb css=\u00a0\u00bb.vc_custom_1632007982594{background-image: url(https:\/\/montrealgoldstock.com\/wp-content\/uploads\/2021\/09\/products.jpg?id=172) !important;}\u00a0\u00bb][vc_row delay=\u00a0\u00bbtrue\u00a0\u00bb effect=\u00a0\u00bbfadeInUp\u00a0\u00bb delay_timer=\u00a0\u00bb50&Prime;][vc_column effect=\u00a0\u00bbnone\u00a0\u00bb]<div class=\"wpb_content_element  vc_custom_1633394914596\"><style type=\"text\/css\">#ut_header_6a04db6764dc9 h2.section-title { font-size:45px !important; }<\/style><header id=\"ut_header_6a04db6764dc9\" class=\"section-header  ut-no-title-linebreak-mobile ut-no-lead-linebreak-mobile pt-style-2 header-left header-tablet-left header-mobile-center\"><h2 data-title=\"NOS VALEURS\" data-effect=\"fadeIn\" data-animateonce=\"yes\" data-delay=\"0\" data-responsive-font=\"section_title\" data-responsive-font-settings=\"{&quot;base-font-size&quot;:&quot;global&quot;,&quot;font-size&quot;:{&quot;desktop_large&quot;:&quot;45&quot;},&quot;base-line-height&quot;:&quot;global&quot;,&quot;base-letter-spacing&quot;:&quot;global&quot;}\" class=\"section-title ut-animate-element animated ut-no-animation-tablet ut-no-animation-mobile \"><span>NOS VALEURS<\/span><\/h2><\/header><\/div>[vc_custom_heading text=\u00a0\u00bbNotre entreprise est en constante \u00e9volution, \u00e0 mesure que les besoins de nos clients changent et que de nouvelles opportunit\u00e9s se pr\u00e9sentent sur le march\u00e9.\u00a0\u00bb font_container=\u00a0\u00bbtag:h3|text_align:left|color:%23ffffff\u00a0\u00bb use_theme_fonts=\u00a0\u00bbyes\u00a0\u00bb css=\u00a0\u00bb.vc_custom_1633394926513{margin-bottom: 10px !important;padding-top: 30px !important;}\u00a0\u00bb][\/vc_column][\/vc_row][vc_row delay=\u00a0\u00bbtrue\u00a0\u00bb effect=\u00a0\u00bbfadeInUp\u00a0\u00bb delay_timer=\u00a0\u00bb100&Prime;][vc_column width=\u00a0\u00bb1\/2&Prime;]<div class=\"wpb_content_element \"><style type=\"text\/css\">#ut_sc_6a04db679b1b3 .ut-service-column h3 { color: #e5c954; }#ut_sc_6a04db679b1b3 .ut-service-column.ut-service-column-horiz h3 { font-size:20px !important; }#ut_sc_6a04db679b1b3 .ut-service-column.ut-service-column-horiz p { font-size:16px !important;line-height:28px !important; }#ut_sc_6a04db679b1b3 .ut-service-column p { color: #ffffff; }#ut_sc_6a04db679b1b3 .ut-service-column p { margin-top: 20px; }#ut_sc_6a04db679b1b3 .ut-service-column a.ut-service-column-link { font-size: 12px; }#ut-svg-6a04db679b1b4 { display:none; }#ut-svg-6a04db679b1b4.ut-svg-loaded { display:block; }#ut-svg-6a04db679b1b4 path { stroke:rgba(229, 201, 84, 1); }<\/style><div id=\"ut_sc_6a04db679b1b3\"  class=\"ut-horizontal-style ut-horizontal-style-align-left  clearfix \" ><div class=\"ut-service-column ut-service-column-horiz\"><h3 data-responsive-font=\"h3\" data-responsive-font-settings=\"{&quot;base-font-size&quot;:&quot;global&quot;,&quot;font-size&quot;:{&quot;desktop_large&quot;:&quot;20&quot;},&quot;base-line-height&quot;:&quot;global&quot;,&quot;base-letter-spacing&quot;:&quot;global&quot;}\">LEADERSHIP<\/h3><p class=\"element-with-custom-line-height\" data-responsive-font=\"p\" data-responsive-font-settings=\"{&quot;base-font-size&quot;:&quot;global&quot;,&quot;font-size&quot;:{&quot;desktop_large&quot;:&quot;16&quot;},&quot;base-line-height&quot;:&quot;global&quot;,&quot;line-height&quot;:{&quot;desktop_large&quot;:&quot;28&quot;},&quot;base-letter-spacing&quot;:&quot;global&quot;}\">Chez Montreal Gold Stock, vous recevez le type de qualit\u00e9 et de service que vous attendez d&rsquo;un leader. Vous pouvez \u00eatre assur\u00e9 qu&rsquo;en travaillant avec Montreal Gold Stock, vous b\u00e9n\u00e9ficierez des derniers services, technologies et d\u00e9veloppements de l&rsquo;industrie.<\/p><\/div><\/div><\/div>[\/vc_column][vc_column width=\u00a0\u00bb1\/2&Prime;]<div class=\"wpb_content_element \"><style type=\"text\/css\">#ut_sc_6a04db681413e .ut-service-column h3 { color: #e5c954; }#ut_sc_6a04db681413e .ut-service-column.ut-service-column-horiz h3 { font-size:20px !important; }#ut_sc_6a04db681413e .ut-service-column.ut-service-column-horiz p { font-size:16px !important;line-height:28px !important; }#ut_sc_6a04db681413e .ut-service-column p { color: #ffffff; }#ut_sc_6a04db681413e .ut-service-column p { margin-top: 20px; }#ut_sc_6a04db681413e .ut-service-column a.ut-service-column-link { font-size: 12px; }#ut-svg-6a04db681413f { display:none; }#ut-svg-6a04db681413f.ut-svg-loaded { display:block; }#ut-svg-6a04db681413f path { stroke:rgba(229, 201, 84, 1); }<\/style><div id=\"ut_sc_6a04db681413e\"  class=\"ut-horizontal-style ut-horizontal-style-align-left  clearfix \" ><div class=\"ut-service-column ut-service-column-horiz\"><h3 data-responsive-font=\"h3\" data-responsive-font-settings=\"{&quot;base-font-size&quot;:&quot;global&quot;,&quot;font-size&quot;:{&quot;desktop_large&quot;:&quot;20&quot;},&quot;base-line-height&quot;:&quot;global&quot;,&quot;base-letter-spacing&quot;:&quot;global&quot;}\">TRAVAIL D'\u00c9QUIPE<\/h3><p class=\"element-with-custom-line-height\" data-responsive-font=\"p\" data-responsive-font-settings=\"{&quot;base-font-size&quot;:&quot;global&quot;,&quot;font-size&quot;:{&quot;desktop_large&quot;:&quot;16&quot;},&quot;base-line-height&quot;:&quot;global&quot;,&quot;line-height&quot;:{&quot;desktop_large&quot;:&quot;28&quot;},&quot;base-letter-spacing&quot;:&quot;global&quot;}\">Nous nous faisons un devoir de vous conna\u00eetre, vous et votre entreprise. Nous travaillons en \u00e9troite collaboration avec vous pour nous assurer que les solutions que nous fournissons sont adapt\u00e9es \u00e0 vos besoins et \u00e0 vos d\u00e9fis uniques. Nous nous engageons \u00e0 assurer votre r\u00e9ussite.<\/p><\/div><\/div><\/div>[\/vc_column][\/vc_row][\/vc_section][vc_section content_placement=\u00a0\u00bbmiddle\u00a0\u00bb background_attachment=\u00a0\u00bbscroll\u00a0\u00bb el_name=\u00a0\u00bbClients Section \/ Padding top 120px\u00a0\u00bb][vc_row full_width=\u00a0\u00bb\u00a0\u00bb equal_height=\u00a0\u00bbyes\u00a0\u00bb content_placement=\u00a0\u00bbmiddle\u00a0\u00bb hide_bg_mobile=\u00a0\u00bbtrue\u00a0\u00bb css=\u00a0\u00bb.vc_custom_1572430686306{background-position: 0 0 !important;background-repeat: no-repeat !important;}\u00a0\u00bb el_name=\u00a0\u00bbSection title has margin bottom 20px \/ Column right has animation and BG image\u00a0\u00bb][vc_column delay=\u00a0\u00bbtrue\u00a0\u00bb effect=\u00a0\u00bbfadeIn\u00a0\u00bb delay_timer=\u00a0\u00bb0&Prime; animation_duration=\u00a0\u00bb2s\u00a0\u00bb css=\u00a0\u00bb.vc_custom_1632000443968{padding-top: 0px !important;padding-right: 0px !important;padding-left: 0px !important;}\u00a0\u00bb offset=\u00a0\u00bbvc_col-lg-12 vc_col-md-12 vc_col-sm-12 vc_col-xs-12&Prime;]<div class=\"wpb_content_element  vc_custom_1633395026649\"><style type=\"text\/css\">#ut_header_6a04db68811a2 h2.section-title { font-size:45px !important; }<\/style><header id=\"ut_header_6a04db68811a2\" class=\"section-header  ut-no-title-linebreak-mobile ut-no-lead-linebreak-mobile pt-style-2 header-left header-tablet-left header-mobile-center\"><h2 data-title=\"NOTRE ENGAGEMENT\" data-effect=\"fadeInUp\" data-animateonce=\"yes\" data-delay=\"0\" data-responsive-font=\"section_title\" data-responsive-font-settings=\"{&quot;base-font-size&quot;:&quot;global&quot;,&quot;font-size&quot;:{&quot;desktop_large&quot;:&quot;45&quot;},&quot;base-line-height&quot;:&quot;global&quot;,&quot;base-letter-spacing&quot;:&quot;global&quot;}\" class=\"section-title ut-animate-element animated ut-no-animation-tablet ut-no-animation-mobile \"><span>NOTRE ENGAGEMENT<\/span><\/h2><div data-effect=\"fadeInUp\" data-animateonce=\"yes\" data-delay=\"0\" class=\"lead ut-animate-element animated ut-no-animation-tablet ut-no-animation-mobile\"><p>Chez Montreal Gold Stock, notre priorit\u00e9 absolue est la satisfaction de nos clients. Vous \u00eates important pour nous et vous pouvez vous attendre \u00e0 ce que nous fassions un effort suppl\u00e9mentaire pour votre entreprise. Un service \u00e0 la client\u00e8le sup\u00e9rieur est la marque de commerce de Montreal Gold Stock. Nous sommes fiers de vous servir et nous travaillons fort pour gagner votre confiance. Nous offrons un service rapide et efficace en vous proposant la fonte sur place de vos d\u00e9chets de m\u00e9taux pr\u00e9cieux et travaillons avec le dernier mod\u00e8le de Fischer XRF qui nous permet d&rsquo;effectuer des analyses avanc\u00e9es et pr\u00e9cises de la puret\u00e9 des m\u00e9taux pr\u00e9cieux en quelques secondes.<\/p>\n<\/div><\/header><\/div>[vc_empty_space height=\u00a0\u00bb20px\u00a0\u00bb][\/vc_column][\/vc_row][\/vc_section][vc_section content_placement=\u00a0\u00bbmiddle\u00a0\u00bb bklyn_overlay=\u00a0\u00bbtrue\u00a0\u00bb parallax=\u00a0\u00bbcontent-zoom\u00a0\u00bb section_separator_top_height=\u00a0\u00bb100&Prime; css=\u00a0\u00bb.vc_custom_1631993519974{background-image: url(https:\/\/montrealgoldstock.com\/wp-content\/uploads\/2021\/09\/footercontact-1.jpg?id=128) !important;background-position: center !important;background-repeat: no-repeat !important;background-size: cover !important;}\u00a0\u00bb bklyn_overlay_color=\u00a0\u00bbrgba(19, 22, 27, 0.33)\u00a0\u00bb][vc_row full_width=\u00a0\u00bbstretch_row_content\u00a0\u00bb][vc_column]<style type=\"text\/css\">#ut_custom_heading6a04db68b80dd { color:#ffffff; }#ut_custom_heading6a04db68b80dd { font-size:40px !important;line-height:50px !important; }#ut_custom_heading6a04db68b80dd { text-align:center; }@media (min-width: 768px) and (max-width: 1024px) { #ut_custom_heading6a04db68b80dd { text-align:center; } }@media (max-width: 767px) { #ut_custom_heading6a04db68b80dd { text-align:center; } }<\/style><h2 id=\"ut_custom_heading6a04db68b80dd\" data-responsive-font=\"h2\" data-responsive-font-settings=\"{&quot;base-font-size&quot;:&quot;40&quot;,&quot;font-size-unit&quot;:&quot;px&quot;,&quot;font-size&quot;:{&quot;desktop_large&quot;:&quot;40&quot;},&quot;base-line-height&quot;:&quot;50&quot;,&quot;line-height-unit&quot;:&quot;px&quot;,&quot;line-height&quot;:{&quot;desktop_large&quot;:&quot;50&quot;},&quot;base-letter-spacing&quot;:&quot;global&quot;}\" class=\"ut-custom-heading-module   vc_custom_1633268854972\" data-appear-effect=\"effect-1\" data-appear-top-offset=\"full\"><span class=\"\" >APPELEZ AUJOURD&rsquo;HUI POUR VOTRE DEVIS<\/span><\/h2><style type=\"text\/css\">#ut_custom_heading6a04db68cc95c { color:#ffffff; }#ut_custom_heading6a04db68cc95c { font-size:18px !important; }#ut_custom_heading6a04db68cc95c { text-align:center; }@media (min-width: 768px) and (max-width: 1024px) { #ut_custom_heading6a04db68cc95c { text-align:center; } }@media (max-width: 767px) { #ut_custom_heading6a04db68cc95c { text-align:center; } }<\/style><h4 id=\"ut_custom_heading6a04db68cc95c\" data-responsive-font=\"h4\" data-responsive-font-settings=\"{&quot;base-font-size&quot;:&quot;global&quot;,&quot;font-size&quot;:{&quot;desktop_large&quot;:&quot;18&quot;},&quot;base-line-height&quot;:&quot;global&quot;,&quot;base-letter-spacing&quot;:&quot;global&quot;}\" class=\"ut-custom-heading-module   vc_custom_1633268912768\" data-appear-effect=\"effect-7\" data-appear-top-offset=\"full\"><span class=\"\" >Qu&rsquo;il s&rsquo;agisse d&rsquo;une commande en gros ou d&rsquo;un petit investissement, nous sommes plus qu&rsquo;heureux de satisfaire toute demande, en toute s\u00e9curit\u00e9. Montreal Gold Stock, depuis des si\u00e8cles, pour votre avenir.<\/span><\/h4><div class=\"ut-btn-group  ut-btn-group-center ut-btn-group-tablet-center ut-btn-group-mobile-center clearfix\"><style type=\"text\/css\">#bklyn_btn_6a04db690de9e .bklyn-btn { color:#493b00 !important; border-color:#e5c954 !important; border-width:2px !important; background-color:#e5c954 !important; }#bklyn_btn_6a04db690de9e .bklyn-btn:hover{ color:#e5c954 !important; border-color:#e5c954 !important; background-color:transparent !important; background-image:none !important; }#bklyn_btn_6a04db690de9e .bklyn-btn:focus{ color:#e5c954 !important; border-color:#e5c954 !important; background-color:transparent !important; background-image:none !important; }#bklyn_btn_6a04db690de9e .bklyn-btn:active { color:#e5c954 !important; border-color:#e5c954 !important; background-color:transparent !important; background-image:none !important; }#bklyn_btn_6a04db690de9e .bklyn-btn::after{ color:#e5c954 !important; }#bklyn_btn_6a04db690de9e a.bklyn-btn { font-weight:700 !important; }#bklyn_btn_6a04db690de9e.bklyn-btn-header a.bklyn-btn { font-weight:700 !important; }#bklyn_btn_6a04db690de9e.bklyn-btn-header a.bklyn-btn span { font-weight:700 !important; }#bklyn_btn_6a04db690de9e a.bklyn-btn { font-family:inherit !important; }#bklyn_btn_6a04db690de9e.bklyn-btn-holder a { padding-top:12px;padding-right:24px;padding-bottom:12px;padding-left:24px }#bklyn_btn_6a04db690de9e a.bklyn-btn-effect-winona::after { padding-top:12px;padding-right:24px;padding-bottom:12px;padding-left:24px }<\/style><div id=\"bklyn_btn_6a04db690de9e\" class=\"bklyn-btn-holder  bklyn-btn-first bklyn-btn-center bklyn-btn-tablet-center bklyn-btn-mobile-center\"><a title=\"\" data-text=\"514 393-GOLD (4653)\"  href=\"tel:5143934653\" target=\"_self\" class=\"bklyn-btn bklyn-btn-with-effect bklyn-btn-effect-winona bklyn-btn-shadow bklyn-btn-outline bklyn-btn-normal\" ><span class=\"ut-btn-text\"><span>514 393-GOLD (4653)<\/span><\/span><\/a><\/div><style type=\"text\/css\">#bklyn_btn_6a04db690dfce .bklyn-btn { color:#e5c954 !important; border-color:#e5c954 !important; border-width:2px !important; background-color:transparent !important; }#bklyn_btn_6a04db690dfce .bklyn-btn:hover{ color:#493b00 !important; border-color:#e5c954 !important; background-color:#e5c954 !important; }#bklyn_btn_6a04db690dfce .bklyn-btn:focus{ color:#493b00 !important; border-color:#e5c954 !important; background-color:#e5c954 !important; }#bklyn_btn_6a04db690dfce .bklyn-btn:active { color:#493b00 !important; border-color:#e5c954 !important; background-color:#e5c954 !important; }#bklyn_btn_6a04db690dfce .bklyn-btn::after{ color:#493b00 !important; }#bklyn_btn_6a04db690dfce a.bklyn-btn { font-weight:700 !important; }#bklyn_btn_6a04db690dfce.bklyn-btn-header a.bklyn-btn { font-weight:700 !important; }#bklyn_btn_6a04db690dfce.bklyn-btn-header a.bklyn-btn span { font-weight:700 !important; }#bklyn_btn_6a04db690dfce a.bklyn-btn { font-family:inherit !important; }#bklyn_btn_6a04db690dfce.bklyn-btn-holder a { padding-top:12px;padding-right:24px;padding-bottom:12px;padding-left:24px }#bklyn_btn_6a04db690dfce a.bklyn-btn-effect-winona::after { padding-top:12px;padding-right:24px;padding-bottom:12px;padding-left:24px }<\/style><div id=\"bklyn_btn_6a04db690dfce\" class=\"bklyn-btn-holder  bklyn-btn-last bklyn-btn-center bklyn-btn-tablet-center bklyn-btn-mobile-center\"><a title=\"Contact\" data-text=\"NOUS JOINDRE\"  href=\"https:\/\/solorin.ca\/montrealgoldstock\/fr\/contact\/\" target=\"_self\" class=\"bklyn-btn bklyn-btn-with-effect bklyn-btn-effect-winona bklyn-btn-shadow bklyn-btn-outline bklyn-btn-normal\" ><span class=\"ut-btn-text\"><span>NOUS JOINDRE<\/span><\/span><\/a><\/div><\/div>[\/vc_column][\/vc_row][\/vc_section]<\/p>\n","protected":false},"excerpt":{"rendered":"<p>[vc_section content_placement=\u00a0\u00bbmiddle\u00a0\u00bb background_attachment=\u00a0\u00bbscroll\u00a0\u00bb el_name=\u00a0\u00bbClients Section \/ Padding top 120px\u00a0\u00bb][vc_row full_width=\u00a0\u00bb\u00a0\u00bb equal_height=\u00a0\u00bbyes\u00a0\u00bb content_placement=\u00a0\u00bbmiddle\u00a0\u00bb hide_bg_mobile=\u00a0\u00bbtrue\u00a0\u00bb css=\u00a0\u00bb.vc_custom_1572430686306{background-position: 0 0 !important;background-repeat: no-repeat !important;}\u00a0\u00bb el_name=\u00a0\u00bbSection title has margin bottom 20px \/ Column right has animation and BG image\u00a0\u00bb][vc_column width=\u00a0\u00bb1\/2&Prime; delay=\u00a0\u00bbtrue\u00a0\u00bb effect=\u00a0\u00bbfadeIn\u00a0\u00bb delay_timer=\u00a0\u00bb0&Prime; animation_duration=\u00a0\u00bb2s\u00a0\u00bb css=\u00a0\u00bb.vc_custom_1631992434613{padding-top: 0px !important;padding-right: 0px !important;padding-left: 0px !important;}\u00a0\u00bb offset=\u00a0\u00bbvc_col-lg-6 vc_col-md-6 vc_col-sm-6 vc_col-xs-12&Prime;][vc_empty_space height=\u00a0\u00bb20px\u00a0\u00bb][\/vc_column][vc_column width=\u00a0\u00bb1\/2&Prime; background_position=\u00a0\u00bbright center\u00a0\u00bb delay=\u00a0\u00bbtrue\u00a0\u00bb css=\u00a0\u00bb.vc_custom_1631999506025{padding-top: [&hellip;]<\/p>\n","protected":false},"author":1,"featured_media":0,"parent":0,"menu_order":0,"comment_status":"closed","ping_status":"closed","template":"","meta":{"footnotes":""},"class_list":["post-377","page","type-page","status-publish","hentry"],"_links":{"self":[{"href":"https:\/\/montrealgoldstock.com\/fr\/wp-json\/wp\/v2\/pages\/377","targetHints":{"allow":["GET"]}}],"collection":[{"href":"https:\/\/montrealgoldstock.com\/fr\/wp-json\/wp\/v2\/pages"}],"about":[{"href":"https:\/\/montrealgoldstock.com\/fr\/wp-json\/wp\/v2\/types\/page"}],"author":[{"embeddable":true,"href":"https:\/\/montrealgoldstock.com\/fr\/wp-json\/wp\/v2\/users\/1"}],"replies":[{"embeddable":true,"href":"https:\/\/montrealgoldstock.com\/fr\/wp-json\/wp\/v2\/comments?post=377"}],"version-history":[{"count":0,"href":"https:\/\/montrealgoldstock.com\/fr\/wp-json\/wp\/v2\/pages\/377\/revisions"}],"wp:attachment":[{"href":"https:\/\/montrealgoldstock.com\/fr\/wp-json\/wp\/v2\/media?parent=377"}],"curies":[{"name":"wp","href":"https:\/\/api.w.org\/{rel}","templated":true}]}}