{"id":375,"date":"2021-09-17T04:40:04","date_gmt":"2021-09-17T04:40:04","guid":{"rendered":"https:\/\/montrealgoldstock.com\/services\/"},"modified":"2021-10-05T01:19:07","modified_gmt":"2021-10-05T01:19:07","slug":"services","status":"publish","type":"page","link":"https:\/\/montrealgoldstock.com\/fr\/services\/","title":{"rendered":"Services"},"content":{"rendered":"<p>[vc_section content_placement=\u00a0\u00bbmiddle\u00a0\u00bb background_attachment=\u00a0\u00bbscroll\u00a0\u00bb el_name=\u00a0\u00bbClients Section \/ Padding top 120px\u00a0\u00bb][vc_row full_width=\u00a0\u00bb\u00a0\u00bb equal_height=\u00a0\u00bbyes\u00a0\u00bb content_placement=\u00a0\u00bbmiddle\u00a0\u00bb hide_bg_mobile=\u00a0\u00bbtrue\u00a0\u00bb css=\u00a0\u00bb.vc_custom_1572430686306{background-position: 0 0 !important;background-repeat: no-repeat !important;}\u00a0\u00bb el_name=\u00a0\u00bbSection title has margin bottom 20px \/ Column right has animation and BG image\u00a0\u00bb][vc_column width=\u00a0\u00bb1\/2&Prime; delay=\u00a0\u00bbtrue\u00a0\u00bb effect=\u00a0\u00bbfadeIn\u00a0\u00bb delay_timer=\u00a0\u00bb0&Prime; animation_duration=\u00a0\u00bb2s\u00a0\u00bb css=\u00a0\u00bb.vc_custom_1632006386358{padding-top: 0px !important;}\u00a0\u00bb offset=\u00a0\u00bbvc_col-lg-6 vc_col-md-6 vc_col-sm-6 vc_col-xs-12&Prime;]<div class=\"wpb_content_element  vc_custom_1633396469824\"><style type=\"text\/css\">#ut_header_69f88f584a35f h2.section-title { font-size:45px !important; }<\/style><header id=\"ut_header_69f88f584a35f\" class=\"section-header  ut-no-title-linebreak-mobile ut-no-lead-linebreak-mobile pt-style-2 header-left header-tablet-left header-mobile-center\"><h2 data-title=\"QUE FAISONS-NOUS?\" data-effect=\"fadeInUp\" data-animateonce=\"yes\" data-delay=\"0\" data-responsive-font=\"section_title\" data-responsive-font-settings=\"{&quot;base-font-size&quot;:&quot;global&quot;,&quot;font-size&quot;:{&quot;desktop_large&quot;:&quot;45&quot;},&quot;base-line-height&quot;:&quot;global&quot;,&quot;base-letter-spacing&quot;:&quot;global&quot;}\" class=\"section-title ut-animate-element animated ut-no-animation-tablet ut-no-animation-mobile \"><span>QUE FAISONS-NOUS?<\/span><\/h2><div data-effect=\"fadeInUp\" data-animateonce=\"yes\" data-delay=\"0\" class=\"lead ut-animate-element animated ut-no-animation-tablet ut-no-animation-mobile\"><p>Montreal Gold Stock se sp\u00e9cialise dans l&rsquo;affinage de m\u00e9taux pr\u00e9cieux couvrant une large gamme de mat\u00e9riaux, y compris les pi\u00e8ces m\u00e9talliques, le remplissage, le broyage, les balayages de banc, le polissage, la poussi\u00e8re, les balayages de plancher, les boues d&rsquo;\u00e9vier, et les solutions en or, argent, platine et palladium. Nous traitons tous les types de lingots, les d\u00e9chets de balayage et les sous-produits. Avec les services d&rsquo;affinage de Montreal Gold Stock, vous \u00eates assur\u00e9 de la plus grande s\u00e9curit\u00e9, de r\u00e9sultats pr\u00e9cis et peut-\u00eatre de l&rsquo;\u00e9l\u00e9ment le plus critique, le soin et l&rsquo;attention personnels.<\/p>\n<\/div><\/header><\/div>[vc_empty_space height=\u00a0\u00bb20px\u00a0\u00bb][\/vc_column][vc_column width=\u00a0\u00bb1\/2&Prime; background_position=\u00a0\u00bbright center\u00a0\u00bb delay=\u00a0\u00bbtrue\u00a0\u00bb css=\u00a0\u00bb.vc_custom_1631999506025{padding-top: 0px !important;padding-right: 0px !important;padding-left: 0px !important;background-position: center !important;background-repeat: no-repeat !important;background-size: contain !important;}\u00a0\u00bb effect=\u00a0\u00bbfadeIn\u00a0\u00bb animation_duration=\u00a0\u00bb2s\u00a0\u00bb delay_timer=\u00a0\u00bb0&Prime; offset=\u00a0\u00bbvc_col-lg-6 vc_col-md-6 vc_col-sm-6 vc_col-xs-12&Prime;]<div  class=\"wpb_content_element   clearfix\"><style type=\"text\/css\">#ut_am_69f88f588b9d2 { opacity: 1; }#ut_am_wrap_69f88f588b9d3 .ut-image-gallery-item-caption-title h3 { letter-spacing: 0em; }#ut_am_wrap_69f88f588b9d3 .ut-gallery-slider-caption { font-weight: bold; }#ut_am_wrap_69f88f588b9d3 { text-align: center; }@media (min-width: 768px) and (max-width: 1024px) { #ut_am_wrap_69f88f588b9d3 { text-align: center !important; } }@media (max-width: 767px) { #ut_am_wrap_69f88f588b9d3 { text-align: center !important; } }<\/style><div id=\"ut_am_wrap_69f88f588b9d3\" class=\"ut-image-gallery-image  ut-reveal-fx ut-element-with-block-reveal\"><div id=\"ut_reveal_69f88f588b9d4\" data-reveal-bgcolor=\"#e5c954\" data-reveal-direction=\"tb\" data-reveal-duration=\"750\" data-reveal-delay=\"250\" data-appear-top-offset=\"auto\" class=\"ut-animated-image-item ut-image-gallery-item ut-animation-done ut-reveal-fx-element ut-block-reveal-hide\"><a class=\"ut-deactivated-link\" href=\"#\"><div class=\"ut-animated-image-zoom\"><img loading=\"lazy\" decoding=\"async\" class=\"ut-lazy skip-lazy ut-animated-image \"  id=\"ut_am_69f88f588b9d2\" src=\"data:image\/svg+xml;charset=utf-8,%3Csvg xmlns%3D'http%3A%2F%2Fwww.w3.org%2F2000%2Fsvg' viewBox%3D'0 0 969 621'%2F%3E\" data-src=\"https:\/\/montrealgoldstock.com\/wp-content\/uploads\/2021\/10\/serv1.jpg\" width=\"969\" height=\"621\" alt=\"\"\/><\/div><\/a><\/div><\/div><\/div>[\/vc_column][\/vc_row][\/vc_section][vc_section bklyn_overlay_effect=\u00a0\u00bbtrue\u00a0\u00bb bklyn_overlay_effect_hover_mode=\u00a0\u00bbgrab\u00a0\u00bb parallax=\u00a0\u00bbcontent-moving\u00a0\u00bb background_position=\u00a0\u00bbcenter center\u00a0\u00bb bklyn_section_anchor=\u00a0\u00bbtrue\u00a0\u00bb css=\u00a0\u00bb.vc_custom_1632008319405{background-image: url(https:\/\/montrealgoldstock.com\/wp-content\/uploads\/2021\/09\/about1.jpg?id=146) !important;}\u00a0\u00bb bklyn_overlay_effect_particle_color=\u00a0\u00bb#e5c954&Prime; bklyn_overlay_effect_line_color=\u00a0\u00bb#bf9f46&Prime;][vc_row delay=\u00a0\u00bbtrue\u00a0\u00bb effect=\u00a0\u00bbfadeInUp\u00a0\u00bb delay_timer=\u00a0\u00bb50&Prime;][vc_column effect=\u00a0\u00bbnone\u00a0\u00bb]<div class=\"wpb_content_element  vc_custom_1633396483904\"><style type=\"text\/css\">#ut_header_69f88f588be67 h2.section-title { font-size:45px !important; }<\/style><header id=\"ut_header_69f88f588be67\" class=\"section-header  ut-no-title-linebreak-mobile ut-no-lead-linebreak-mobile pt-style-2 header-left header-tablet-left header-mobile-center\"><h2 data-title=\"TECHNOLOGIE DE RAFFINAGE\" data-effect=\"fadeIn\" data-animateonce=\"yes\" data-delay=\"0\" data-responsive-font=\"section_title\" data-responsive-font-settings=\"{&quot;base-font-size&quot;:&quot;global&quot;,&quot;font-size&quot;:{&quot;desktop_large&quot;:&quot;45&quot;},&quot;base-line-height&quot;:&quot;global&quot;,&quot;base-letter-spacing&quot;:&quot;global&quot;}\" class=\"section-title ut-animate-element animated ut-no-animation-tablet ut-no-animation-mobile \"><span>TECHNOLOGIE DE RAFFINAGE<\/span><\/h2><\/header><\/div>[vc_custom_heading text=\u00a0\u00bbProfitez de notre derni\u00e8re technologie et de nos machines modernes pour l&rsquo;analyse et le raffinage. Nous vous fournirons les r\u00e9sultats d&rsquo;analyse les plus pr\u00e9cis. Nous disposons du syst\u00e8me d&rsquo;analyse d&rsquo;or Fischer XRF le plus r\u00e9cent et le plus avanc\u00e9 du march\u00e9.\u00a0\u00bb font_container=\u00a0\u00bbtag:h3|text_align:left|color:%23ffffff\u00a0\u00bb use_theme_fonts=\u00a0\u00bbyes\u00a0\u00bb css=\u00a0\u00bb.vc_custom_1633396508385{margin-bottom: 10px !important;padding-top: 30px !important;}\u00a0\u00bb][\/vc_column][\/vc_row][vc_row gap=\u00a0\u00bb3&Prime; equal_height=\u00a0\u00bbyes\u00a0\u00bb delay=\u00a0\u00bbtrue\u00a0\u00bb effect=\u00a0\u00bbfadeInUp\u00a0\u00bb delay_timer=\u00a0\u00bb50&Prime; el_class=\u00a0\u00bbservicesboxes\u00a0\u00bb][vc_column width=\u00a0\u00bb1\/4&Prime; effect=\u00a0\u00bbnone\u00a0\u00bb css=\u00a0\u00bb.vc_custom_1633257742388{padding-top: 25px !important;padding-right: 0px !important;padding-bottom: 0px !important;padding-left: 0px !important;}\u00a0\u00bb offset=\u00a0\u00bbvc_col-lg-3 vc_col-md-3 vc_col-sm-6 vc_col-xs-12&Prime;][vc_custom_heading text=\u00a0\u00bbBijouterie\u00a0\u00bb font_container=\u00a0\u00bbtag:h3|text_align:center|color:%23ffffff\u00a0\u00bb use_theme_fonts=\u00a0\u00bbyes\u00a0\u00bb css=\u00a0\u00bb.vc_custom_1633396520745{padding-top: 0px !important;padding-right: 0px !important;padding-bottom: 0px !important;padding-left: 0px !important;}\u00a0\u00bb][vc_custom_heading text=\u00a0\u00bbOr, argent, platine<br \/>\nFerraille de m\u00e9taux pr\u00e9cieux<br \/>\nBalayages de banc<br \/>\nPi\u00e8ces d&rsquo;argent et d&rsquo;or<br \/>\nBalayures de sol<br \/>\nD\u00e9bris de fonderie<br \/>\nBroyages\/filages\u00a0\u00bb font_container=\u00a0\u00bbtag:h5|text_align:center|color:%23ffffff\u00a0\u00bb use_theme_fonts=\u00a0\u00bbyes\u00a0\u00bb css=\u00a0\u00bb.vc_custom_1633396533011{padding-top: 0px !important;padding-right: 0px !important;padding-bottom: 0px !important;padding-left: 0px !important;}\u00a0\u00bb][\/vc_column][vc_column width=\u00a0\u00bb1\/4&Prime; css=\u00a0\u00bb.vc_custom_1633257735423{padding-top: 25px !important;padding-right: 0px !important;padding-bottom: 0px !important;padding-left: 0px !important;}\u00a0\u00bb offset=\u00a0\u00bbvc_col-lg-3 vc_col-md-3 vc_col-sm-6 vc_col-xs-12&Prime;][vc_custom_heading text=\u00a0\u00bbDentaire\u00a0\u00bb font_container=\u00a0\u00bbtag:h3|text_align:center|color:%23ffffff\u00a0\u00bb use_theme_fonts=\u00a0\u00bbyes\u00a0\u00bb css=\u00a0\u00bb.vc_custom_1633396538633{padding-top: 0px !important;padding-right: 0px !important;padding-bottom: 0px !important;padding-left: 0px !important;}\u00a0\u00bb][vc_custom_heading text=\u00a0\u00bbDentaire or et argent<br \/>\nPonts et couronnes dentaires<br \/>\nPalladium\/Platine<br \/>\nFils \/ Soudures \/ Fermoirs<br \/>\nBalais de sol<br \/>\nInlays \/ Onlays dentaires<br \/>\nRemplissages dentaires\u00a0\u00bb font_container=\u00a0\u00bbtag:h5|text_align:center|color:%23ffffff\u00a0\u00bb use_theme_fonts=\u00a0\u00bbyes\u00a0\u00bb css=\u00a0\u00bb.vc_custom_1633396576980{padding-top: 0px !important;padding-right: 0px !important;padding-bottom: 0px !important;padding-left: 0px !important;}\u00a0\u00bb][\/vc_column][vc_column width=\u00a0\u00bb1\/4&Prime; css=\u00a0\u00bb.vc_custom_1633257750784{padding-top: 25px !important;padding-right: 0px !important;padding-bottom: 0px !important;padding-left: 0px !important;}\u00a0\u00bb offset=\u00a0\u00bbvc_col-lg-3 vc_col-md-3 vc_col-sm-6 vc_col-xs-12&Prime;][vc_custom_heading text=\u00a0\u00bbExploitation mini\u00e8re\u00a0\u00bb font_container=\u00a0\u00bbtag:h3|text_align:center|color:%23ffffff\u00a0\u00bb use_theme_fonts=\u00a0\u00bbyes\u00a0\u00bb css=\u00a0\u00bb.vc_custom_1633396585414{padding-top: 0px !important;padding-right: 0px !important;padding-bottom: 0px !important;padding-left: 0px !important;}\u00a0\u00bb][vc_custom_heading text=\u00a0\u00bbOr brut<br \/>\nArgent<br \/>\nPlatine<br \/>\nMinerai de palladium\u00a0\u00bb font_container=\u00a0\u00bbtag:h5|text_align:center|color:%23ffffff\u00a0\u00bb use_theme_fonts=\u00a0\u00bbyes\u00a0\u00bb css=\u00a0\u00bb.vc_custom_1633396595049{padding-top: 0px !important;padding-right: 0px !important;padding-bottom: 0px !important;padding-left: 0px !important;}\u00a0\u00bb][\/vc_column][vc_column width=\u00a0\u00bb1\/4&Prime; css=\u00a0\u00bb.vc_custom_1633257760365{padding-top: 25px !important;padding-right: 0px !important;padding-bottom: 0px !important;padding-left: 0px !important;}\u00a0\u00bb offset=\u00a0\u00bbvc_col-lg-3 vc_col-md-3 vc_col-sm-6 vc_col-xs-12&Prime;][vc_custom_heading text=\u00a0\u00bbBureaux comptants et numismatique\u00a0\u00bb font_container=\u00a0\u00bbtag:h3|text_align:center|color:%23ffffff\u00a0\u00bb use_theme_fonts=\u00a0\u00bbyes\u00a0\u00bb css=\u00a0\u00bb.vc_custom_1633396676422{padding-top: 0px !important;padding-right: 0px !important;padding-bottom: 0px !important;padding-left: 0px !important;}\u00a0\u00bb][vc_custom_heading text=\u00a0\u00bbBijouterie en or<br \/>\nArgenterie au rebut<br \/>\nPi\u00e8ces d&rsquo;argent d&rsquo;avant 1967<br \/>\nBijouterie fine\u00a0\u00bb font_container=\u00a0\u00bbtag:h5|text_align:center|color:%23ffffff\u00a0\u00bb use_theme_fonts=\u00a0\u00bbyes\u00a0\u00bb css=\u00a0\u00bb.vc_custom_1633396689692{padding-top: 0px !important;padding-right: 0px !important;padding-bottom: 0px !important;padding-left: 0px !important;}\u00a0\u00bb][\/vc_column][\/vc_row][vc_row delay=\u00a0\u00bbtrue\u00a0\u00bb effect=\u00a0\u00bbfadeInUp\u00a0\u00bb delay_timer=\u00a0\u00bb100&Prime;][vc_column]<div class=\"wpb_content_element \"><style type=\"text\/css\">#ut_sc_69f88f58c0462 .ut-service-column h3 { color: #e5c954; }#ut_sc_69f88f58c0462 .ut-service-column.ut-service-column-horiz h3 { font-size:20px !important; }#ut_sc_69f88f58c0462 .ut-service-column.ut-service-column-horiz p { font-size:16px !important;line-height:28px !important; }#ut_sc_69f88f58c0462 .ut-service-column p { color: #ffffff; }#ut_sc_69f88f58c0462 .ut-service-column p { margin-top: 20px; }#ut_sc_69f88f58c0462 .ut-service-column a.ut-service-column-link { font-size: 12px; }#ut-svg-69f88f58c0464 { display:none; }#ut-svg-69f88f58c0464.ut-svg-loaded { display:block; }#ut-svg-69f88f58c0464 path { stroke:rgba(229, 201, 84, 1); }<\/style><div id=\"ut_sc_69f88f58c0462\"  class=\"ut-horizontal-style ut-horizontal-style-align-left  clearfix \" ><div class=\"ut-service-column ut-service-column-horiz\"><h3 data-responsive-font=\"h3\" data-responsive-font-settings=\"{&quot;base-font-size&quot;:&quot;global&quot;,&quot;font-size&quot;:{&quot;desktop_large&quot;:&quot;20&quot;},&quot;base-line-height&quot;:&quot;global&quot;,&quot;base-letter-spacing&quot;:&quot;global&quot;}\">Service de raffinage des m\u00e9taux pr\u00e9cieux<\/h3><p class=\"element-with-custom-line-height\" data-responsive-font=\"p\" data-responsive-font-settings=\"{&quot;base-font-size&quot;:&quot;global&quot;,&quot;font-size&quot;:{&quot;desktop_large&quot;:&quot;16&quot;},&quot;base-line-height&quot;:&quot;global&quot;,&quot;line-height&quot;:{&quot;desktop_large&quot;:&quot;28&quot;},&quot;base-letter-spacing&quot;:&quot;global&quot;}\">La technologie de l&rsquo;affinage joue un r\u00f4le important dans l&rsquo;\u00e9valuation et la comp\u00e9tence de l&rsquo;affinage, mais une r\u00e9cup\u00e9ration \u00e9quitable et rapide de la ferraille est essentielle pour les r\u00e9sultats de chaque client. Chez Montreal Gold Stock, nous comprenons et respectons cette r\u00e9alit\u00e9, et nous nous engageons \u00e0 fournir la main-d&rsquo;\u0153uvre, la technologie et l&rsquo;expertise n\u00e9cessaires pour vous assurer des r\u00e8glements rapides et une r\u00e9cup\u00e9ration maximale.<\/p><\/div><\/div><\/div>[\/vc_column][\/vc_row][\/vc_section][vc_section content_placement=\u00a0\u00bbmiddle\u00a0\u00bb background_attachment=\u00a0\u00bbscroll\u00a0\u00bb el_name=\u00a0\u00bbClients Section \/ Padding top 120px\u00a0\u00bb][vc_row full_width=\u00a0\u00bb\u00a0\u00bb equal_height=\u00a0\u00bbyes\u00a0\u00bb content_placement=\u00a0\u00bbmiddle\u00a0\u00bb hide_bg_mobile=\u00a0\u00bbtrue\u00a0\u00bb css=\u00a0\u00bb.vc_custom_1572430686306{background-position: 0 0 !important;background-repeat: no-repeat !important;}\u00a0\u00bb el_name=\u00a0\u00bbSection title has margin bottom 20px \/ Column right has animation and BG image\u00a0\u00bb][vc_column delay=\u00a0\u00bbtrue\u00a0\u00bb effect=\u00a0\u00bbfadeIn\u00a0\u00bb delay_timer=\u00a0\u00bb0&Prime; animation_duration=\u00a0\u00bb2s\u00a0\u00bb css=\u00a0\u00bb.vc_custom_1632000443968{padding-top: 0px !important;padding-right: 0px !important;padding-left: 0px !important;}\u00a0\u00bb offset=\u00a0\u00bbvc_col-lg-12 vc_col-md-12 vc_col-sm-12 vc_col-xs-12&Prime;]<div class=\"wpb_content_element  vc_custom_1633396737127\"><style type=\"text\/css\">#ut_header_69f88f5936ac8 h2.section-title { font-size:45px !important; }<\/style><header id=\"ut_header_69f88f5936ac8\" class=\"section-header  ut-no-title-linebreak-mobile ut-no-lead-linebreak-mobile pt-style-2 header-left header-tablet-left header-mobile-center\"><h2 data-title=\"SERVICES D'ANALYSE\" data-effect=\"fadeInUp\" data-animateonce=\"yes\" data-delay=\"0\" data-responsive-font=\"section_title\" data-responsive-font-settings=\"{&quot;base-font-size&quot;:&quot;global&quot;,&quot;font-size&quot;:{&quot;desktop_large&quot;:&quot;45&quot;},&quot;base-line-height&quot;:&quot;global&quot;,&quot;base-letter-spacing&quot;:&quot;global&quot;}\" class=\"section-title ut-animate-element animated ut-no-animation-tablet ut-no-animation-mobile \"><span>SERVICES D'ANALYSE<\/span><\/h2><div data-effect=\"fadeInUp\" data-animateonce=\"yes\" data-delay=\"0\" class=\"lead ut-animate-element animated ut-no-animation-tablet ut-no-animation-mobile\"><p>En plus de nos services de raffinage, nous proposons des services d&rsquo;analyse pour tous les \u00e9l\u00e9ments de m\u00e9taux pr\u00e9cieux. Nous pouvons fournir des analyses pour l&rsquo;or et l&rsquo;argent en quelques minutes, afin de vous aider \u00e0 maintenir les programmes d&rsquo;assurance qualit\u00e9 et de contr\u00f4le des stocks qui sont essentiels pour votre entreprise. Chez Montreal Gold Stock, vous pouvez obtenir une analyse pr\u00e9cise de n&rsquo;importe lequel de vos m\u00e9taux pr\u00e9cieux en 90 secondes et nous assurons un excellent service \u00e0 la client\u00e8le.<\/p>\n<\/div><\/header><\/div>[vc_empty_space height=\u00a0\u00bb20px\u00a0\u00bb][\/vc_column][\/vc_row][\/vc_section][vc_section content_placement=\u00a0\u00bbmiddle\u00a0\u00bb bklyn_overlay=\u00a0\u00bbtrue\u00a0\u00bb parallax=\u00a0\u00bbcontent-zoom\u00a0\u00bb section_separator_top_height=\u00a0\u00bb100&Prime; css=\u00a0\u00bb.vc_custom_1631993519974{background-image: url(https:\/\/montrealgoldstock.com\/wp-content\/uploads\/2021\/09\/footercontact-1.jpg?id=128) !important;background-position: center !important;background-repeat: no-repeat !important;background-size: cover !important;}\u00a0\u00bb bklyn_overlay_color=\u00a0\u00bbrgba(19, 22, 27, 0.33)\u00a0\u00bb][vc_row full_width=\u00a0\u00bbstretch_row_content\u00a0\u00bb][vc_column]<style type=\"text\/css\">#ut_custom_heading69f88f596ba66 { color:#ffffff; }#ut_custom_heading69f88f596ba66 { font-size:40px !important;line-height:50px !important; }#ut_custom_heading69f88f596ba66 { text-align:center; }@media (min-width: 768px) and (max-width: 1024px) { #ut_custom_heading69f88f596ba66 { text-align:center; } }@media (max-width: 767px) { #ut_custom_heading69f88f596ba66 { text-align:center; } }<\/style><h2 id=\"ut_custom_heading69f88f596ba66\" data-responsive-font=\"h2\" data-responsive-font-settings=\"{&quot;base-font-size&quot;:&quot;40&quot;,&quot;font-size-unit&quot;:&quot;px&quot;,&quot;font-size&quot;:{&quot;desktop_large&quot;:&quot;40&quot;},&quot;base-line-height&quot;:&quot;50&quot;,&quot;line-height-unit&quot;:&quot;px&quot;,&quot;line-height&quot;:{&quot;desktop_large&quot;:&quot;50&quot;},&quot;base-letter-spacing&quot;:&quot;global&quot;}\" class=\"ut-custom-heading-module   vc_custom_1633268854972\" data-appear-effect=\"effect-1\" data-appear-top-offset=\"full\"><span class=\"\" >APPELEZ AUJOURD&rsquo;HUI POUR VOTRE DEVIS<\/span><\/h2><style type=\"text\/css\">#ut_custom_heading69f88f59805ca { color:#ffffff; }#ut_custom_heading69f88f59805ca { font-size:18px !important; }#ut_custom_heading69f88f59805ca { text-align:center; }@media (min-width: 768px) and (max-width: 1024px) { #ut_custom_heading69f88f59805ca { text-align:center; } }@media (max-width: 767px) { #ut_custom_heading69f88f59805ca { text-align:center; } }<\/style><h4 id=\"ut_custom_heading69f88f59805ca\" data-responsive-font=\"h4\" data-responsive-font-settings=\"{&quot;base-font-size&quot;:&quot;global&quot;,&quot;font-size&quot;:{&quot;desktop_large&quot;:&quot;18&quot;},&quot;base-line-height&quot;:&quot;global&quot;,&quot;base-letter-spacing&quot;:&quot;global&quot;}\" class=\"ut-custom-heading-module   vc_custom_1633268912768\" data-appear-effect=\"effect-7\" data-appear-top-offset=\"full\"><span class=\"\" >Qu&rsquo;il s&rsquo;agisse d&rsquo;une commande en gros ou d&rsquo;un petit investissement, nous sommes plus qu&rsquo;heureux de satisfaire toute demande, en toute s\u00e9curit\u00e9. Montreal Gold Stock, depuis des si\u00e8cles, pour votre avenir.<\/span><\/h4><div class=\"ut-btn-group  ut-btn-group-center ut-btn-group-tablet-center ut-btn-group-mobile-center clearfix\"><style type=\"text\/css\">#bklyn_btn_69f88f59b7e38 .bklyn-btn { color:#493b00 !important; border-color:#e5c954 !important; border-width:2px !important; background-color:#e5c954 !important; }#bklyn_btn_69f88f59b7e38 .bklyn-btn:hover{ color:#e5c954 !important; border-color:#e5c954 !important; background-color:transparent !important; background-image:none !important; }#bklyn_btn_69f88f59b7e38 .bklyn-btn:focus{ color:#e5c954 !important; border-color:#e5c954 !important; background-color:transparent !important; background-image:none !important; }#bklyn_btn_69f88f59b7e38 .bklyn-btn:active { color:#e5c954 !important; border-color:#e5c954 !important; background-color:transparent !important; background-image:none !important; }#bklyn_btn_69f88f59b7e38 .bklyn-btn::after{ color:#e5c954 !important; }#bklyn_btn_69f88f59b7e38 a.bklyn-btn { font-weight:700 !important; }#bklyn_btn_69f88f59b7e38.bklyn-btn-header a.bklyn-btn { font-weight:700 !important; }#bklyn_btn_69f88f59b7e38.bklyn-btn-header a.bklyn-btn span { font-weight:700 !important; }#bklyn_btn_69f88f59b7e38 a.bklyn-btn { font-family:inherit !important; }#bklyn_btn_69f88f59b7e38.bklyn-btn-holder a { padding-top:12px;padding-right:24px;padding-bottom:12px;padding-left:24px }#bklyn_btn_69f88f59b7e38 a.bklyn-btn-effect-winona::after { padding-top:12px;padding-right:24px;padding-bottom:12px;padding-left:24px }<\/style><div id=\"bklyn_btn_69f88f59b7e38\" class=\"bklyn-btn-holder  bklyn-btn-first bklyn-btn-center bklyn-btn-tablet-center bklyn-btn-mobile-center\"><a title=\"\" data-text=\"514 393-GOLD (4653)\"  href=\"tel:5143934653\" target=\"_self\" class=\"bklyn-btn bklyn-btn-with-effect bklyn-btn-effect-winona bklyn-btn-shadow bklyn-btn-outline bklyn-btn-normal\" ><span class=\"ut-btn-text\"><span>514 393-GOLD (4653)<\/span><\/span><\/a><\/div><style type=\"text\/css\">#bklyn_btn_69f88f59b7f6d .bklyn-btn { color:#e5c954 !important; border-color:#e5c954 !important; border-width:2px !important; background-color:transparent !important; }#bklyn_btn_69f88f59b7f6d .bklyn-btn:hover{ color:#493b00 !important; border-color:#e5c954 !important; background-color:#e5c954 !important; }#bklyn_btn_69f88f59b7f6d .bklyn-btn:focus{ color:#493b00 !important; border-color:#e5c954 !important; background-color:#e5c954 !important; }#bklyn_btn_69f88f59b7f6d .bklyn-btn:active { color:#493b00 !important; border-color:#e5c954 !important; background-color:#e5c954 !important; }#bklyn_btn_69f88f59b7f6d .bklyn-btn::after{ color:#493b00 !important; }#bklyn_btn_69f88f59b7f6d a.bklyn-btn { font-weight:700 !important; }#bklyn_btn_69f88f59b7f6d.bklyn-btn-header a.bklyn-btn { font-weight:700 !important; }#bklyn_btn_69f88f59b7f6d.bklyn-btn-header a.bklyn-btn span { font-weight:700 !important; }#bklyn_btn_69f88f59b7f6d a.bklyn-btn { font-family:inherit !important; }#bklyn_btn_69f88f59b7f6d.bklyn-btn-holder a { padding-top:12px;padding-right:24px;padding-bottom:12px;padding-left:24px }#bklyn_btn_69f88f59b7f6d a.bklyn-btn-effect-winona::after { padding-top:12px;padding-right:24px;padding-bottom:12px;padding-left:24px }<\/style><div id=\"bklyn_btn_69f88f59b7f6d\" class=\"bklyn-btn-holder  bklyn-btn-last bklyn-btn-center bklyn-btn-tablet-center bklyn-btn-mobile-center\"><a title=\"Contact\" data-text=\"NOUS JOINDRE\"  href=\"https:\/\/solorin.ca\/montrealgoldstock\/fr\/contact\/\" target=\"_self\" class=\"bklyn-btn bklyn-btn-with-effect bklyn-btn-effect-winona bklyn-btn-shadow bklyn-btn-outline bklyn-btn-normal\" ><span class=\"ut-btn-text\"><span>NOUS JOINDRE<\/span><\/span><\/a><\/div><\/div>[\/vc_column][\/vc_row][\/vc_section]<\/p>\n","protected":false},"excerpt":{"rendered":"<p>[vc_section content_placement=\u00a0\u00bbmiddle\u00a0\u00bb background_attachment=\u00a0\u00bbscroll\u00a0\u00bb el_name=\u00a0\u00bbClients Section \/ Padding top 120px\u00a0\u00bb][vc_row full_width=\u00a0\u00bb\u00a0\u00bb equal_height=\u00a0\u00bbyes\u00a0\u00bb content_placement=\u00a0\u00bbmiddle\u00a0\u00bb hide_bg_mobile=\u00a0\u00bbtrue\u00a0\u00bb css=\u00a0\u00bb.vc_custom_1572430686306{background-position: 0 0 !important;background-repeat: no-repeat !important;}\u00a0\u00bb el_name=\u00a0\u00bbSection title has margin bottom 20px \/ Column right has animation and BG image\u00a0\u00bb][vc_column width=\u00a0\u00bb1\/2&Prime; delay=\u00a0\u00bbtrue\u00a0\u00bb effect=\u00a0\u00bbfadeIn\u00a0\u00bb delay_timer=\u00a0\u00bb0&Prime; animation_duration=\u00a0\u00bb2s\u00a0\u00bb css=\u00a0\u00bb.vc_custom_1632006386358{padding-top: 0px !important;}\u00a0\u00bb offset=\u00a0\u00bbvc_col-lg-6 vc_col-md-6 vc_col-sm-6 vc_col-xs-12&Prime;][vc_empty_space height=\u00a0\u00bb20px\u00a0\u00bb][\/vc_column][vc_column width=\u00a0\u00bb1\/2&Prime; background_position=\u00a0\u00bbright center\u00a0\u00bb delay=\u00a0\u00bbtrue\u00a0\u00bb css=\u00a0\u00bb.vc_custom_1631999506025{padding-top: 0px !important;padding-right: 0px !important;padding-left: [&hellip;]<\/p>\n","protected":false},"author":1,"featured_media":0,"parent":0,"menu_order":0,"comment_status":"closed","ping_status":"closed","template":"","meta":{"footnotes":""},"class_list":["post-375","page","type-page","status-publish","hentry"],"_links":{"self":[{"href":"https:\/\/montrealgoldstock.com\/fr\/wp-json\/wp\/v2\/pages\/375","targetHints":{"allow":["GET"]}}],"collection":[{"href":"https:\/\/montrealgoldstock.com\/fr\/wp-json\/wp\/v2\/pages"}],"about":[{"href":"https:\/\/montrealgoldstock.com\/fr\/wp-json\/wp\/v2\/types\/page"}],"author":[{"embeddable":true,"href":"https:\/\/montrealgoldstock.com\/fr\/wp-json\/wp\/v2\/users\/1"}],"replies":[{"embeddable":true,"href":"https:\/\/montrealgoldstock.com\/fr\/wp-json\/wp\/v2\/comments?post=375"}],"version-history":[{"count":0,"href":"https:\/\/montrealgoldstock.com\/fr\/wp-json\/wp\/v2\/pages\/375\/revisions"}],"wp:attachment":[{"href":"https:\/\/montrealgoldstock.com\/fr\/wp-json\/wp\/v2\/media?parent=375"}],"curies":[{"name":"wp","href":"https:\/\/api.w.org\/{rel}","templated":true}]}}